{"id":1584,"date":"2025-06-07T00:39:35","date_gmt":"2025-06-06T22:39:35","guid":{"rendered":"https:\/\/djantao.com\/?page_id=1584"},"modified":"2025-06-07T00:39:35","modified_gmt":"2025-06-06T22:39:35","slug":"qui-sommes-nous-2","status":"publish","type":"page","link":"https:\/\/djantao.com\/?page_id=1584","title":{"rendered":"Qui sommes-nous ?"},"content":{"rendered":"<style>.kb-row-layout-id1584_5d35f6-ad > .kt-row-column-wrap{align-content:start;}:where(.kb-row-layout-id1584_5d35f6-ad > .kt-row-column-wrap) > .wp-block-kadence-column{justify-content:start;}.kb-row-layout-id1584_5d35f6-ad > .kt-row-column-wrap{column-gap:var(--global-kb-gap-md, 2rem);row-gap:var(--global-kb-gap-md, 2rem);max-width:var( --global-content-width, 1290px );padding-left:var(--global-content-edge-padding);padding-right:var(--global-content-edge-padding);padding-top:40px;padding-bottom:60px;grid-template-columns:minmax(0, 1fr);}.kb-row-layout-id1584_5d35f6-ad > .kt-row-layout-overlay{opacity:0.60;background-image:url('https:\/\/djantao.com\/wp-content\/uploads\/2021\/12\/pexels-aleksandar-pasaric-13213712-1.jpg');background-size:cover;background-position:center center;background-attachment:scroll;background-repeat:no-repeat;mix-blend-mode:multiply;}@media all and (max-width: 1024px){.kb-row-layout-id1584_5d35f6-ad > .kt-row-column-wrap{grid-template-columns:minmax(0, 1fr);}}@media all and (max-width: 767px){.kb-row-layout-id1584_5d35f6-ad > .kt-row-column-wrap{grid-template-columns:minmax(0, 1fr);}}<\/style><div class=\"kb-row-layout-wrap kb-row-layout-id1584_5d35f6-ad alignnone has-theme-palette8-background-color kt-row-has-bg wp-block-kadence-rowlayout\"><div class=\"kt-row-layout-overlay kt-row-overlay-normal\"><\/div><div class=\"kt-row-column-wrap kt-has-1-columns kt-row-layout-equal kt-tab-layout-inherit kt-mobile-layout-row kt-row-valign-top kb-theme-content-width\">\n<style>.kadence-column1584_324fdb-e5 > .kt-inside-inner-col,.kadence-column1584_324fdb-e5 > .kt-inside-inner-col:before{border-top-left-radius:0px;border-top-right-radius:0px;border-bottom-right-radius:0px;border-bottom-left-radius:0px;}.kadence-column1584_324fdb-e5 > .kt-inside-inner-col{column-gap:var(--global-kb-gap-sm, 1rem);}.kadence-column1584_324fdb-e5 > .kt-inside-inner-col{flex-direction:column;}.kadence-column1584_324fdb-e5 > .kt-inside-inner-col > .aligncenter{width:100%;}.kadence-column1584_324fdb-e5 > .kt-inside-inner-col:before{opacity:0.3;}.kadence-column1584_324fdb-e5{position:relative;}@media all and (max-width: 1024px){.kadence-column1584_324fdb-e5 > .kt-inside-inner-col{flex-direction:column;}}@media all and (max-width: 767px){.kadence-column1584_324fdb-e5 > .kt-inside-inner-col{flex-direction:column;}}<\/style>\n<div class=\"wp-block-kadence-column kadence-column1584_324fdb-e5 inner-column-1\"><div class=\"kt-inside-inner-col\"><style>.wp-block-kadence-advancedheading.kt-adv-heading1584_91bfdb-3b, .wp-block-kadence-advancedheading.kt-adv-heading1584_91bfdb-3b[data-kb-block=\"kb-adv-heading1584_91bfdb-3b\"]{text-align:center;font-style:normal;}.wp-block-kadence-advancedheading.kt-adv-heading1584_91bfdb-3b mark.kt-highlight, .wp-block-kadence-advancedheading.kt-adv-heading1584_91bfdb-3b[data-kb-block=\"kb-adv-heading1584_91bfdb-3b\"] mark.kt-highlight{font-style:normal;color:#f76a0c;-webkit-box-decoration-break:clone;box-decoration-break:clone;padding-top:0px;padding-right:0px;padding-bottom:0px;padding-left:0px;}<\/style>\n<h6 class=\"kt-adv-heading1584_91bfdb-3b wp-block-kadence-advancedheading\" data-kb-block=\"kb-adv-heading1584_91bfdb-3b\"><\/h6>\n\n<style>.wp-block-kadence-advancedheading.kt-adv-heading1584_ee0762-a7, .wp-block-kadence-advancedheading.kt-adv-heading1584_ee0762-a7[data-kb-block=\"kb-adv-heading1584_ee0762-a7\"]{text-align:center;font-style:normal;}.wp-block-kadence-advancedheading.kt-adv-heading1584_ee0762-a7 mark.kt-highlight, .wp-block-kadence-advancedheading.kt-adv-heading1584_ee0762-a7[data-kb-block=\"kb-adv-heading1584_ee0762-a7\"] mark.kt-highlight{font-style:normal;color:#f76a0c;-webkit-box-decoration-break:clone;box-decoration-break:clone;padding-top:0px;padding-right:0px;padding-bottom:0px;padding-left:0px;}<\/style>\n<h1 class=\"kt-adv-heading1584_ee0762-a7 wp-block-kadence-advancedheading\" data-kb-block=\"kb-adv-heading1584_ee0762-a7\">Qui sommes-nous ?<\/h1>\n\n<style>.wp-block-kadence-advancedheading.kt-adv-heading1584_89e47f-c9, .wp-block-kadence-advancedheading.kt-adv-heading1584_89e47f-c9[data-kb-block=\"kb-adv-heading1584_89e47f-c9\"]{text-align:center;font-style:normal;}.wp-block-kadence-advancedheading.kt-adv-heading1584_89e47f-c9 mark.kt-highlight, .wp-block-kadence-advancedheading.kt-adv-heading1584_89e47f-c9[data-kb-block=\"kb-adv-heading1584_89e47f-c9\"] mark.kt-highlight{font-style:normal;color:#f76a0c;-webkit-box-decoration-break:clone;box-decoration-break:clone;padding-top:0px;padding-right:0px;padding-bottom:0px;padding-left:0px;}<\/style>\n<p class=\"kt-adv-heading1584_89e47f-c9 wp-block-kadence-advancedheading has-theme-palette-4-color has-text-color\" data-kb-block=\"kb-adv-heading1584_89e47f-c9\">Mieux nous conna\u00eetre &#8230;<\/p><\/div><\/div>\n<\/div><\/div><style>.kb-row-layout-id1584_340f20-b0 > .kt-row-column-wrap{align-content:start;}:where(.kb-row-layout-id1584_340f20-b0 > .kt-row-column-wrap) > .wp-block-kadence-column{justify-content:start;}.kb-row-layout-id1584_340f20-b0 > .kt-row-column-wrap{column-gap:var(--global-kb-gap-md, 2rem);row-gap:var(--global-kb-gap-md, 2rem);max-width:var( --global-content-width, 1290px );padding-left:var(--global-content-edge-padding);padding-right:var(--global-content-edge-padding);padding-top:80px;padding-bottom:80px;grid-template-columns:minmax(0, 1fr);}.kb-row-layout-id1584_340f20-b0 > .kt-row-layout-overlay{opacity:0.44;mix-blend-mode:multiply;}@media all and (max-width: 1024px){.kb-row-layout-id1584_340f20-b0 > .kt-row-column-wrap{grid-template-columns:minmax(0, 1fr);}}@media all and (max-width: 767px){.kb-row-layout-id1584_340f20-b0 > .kt-row-column-wrap{grid-template-columns:minmax(0, 1fr);}}.kb-row-layout-id1584_340f20-b0 .rotate-text {n  transform-origin: 0 0;n    transform: rotate(n-90degn);n    position: absolute;n    width: 320%;n    bottom: 0;n    margin-left: 40px;n}n.kb-row-layout-id1584_340f20-b0 .kt-inside-inner-col {n  position: relative;n}<\/style><div class=\"kb-row-layout-wrap kb-row-layout-id1584_340f20-b0 alignnone has-theme-palette8-background-color kt-row-has-bg wp-block-kadence-rowlayout\"><div class=\"kt-row-column-wrap kt-has-1-columns kt-row-layout-equal kt-tab-layout-inherit kt-mobile-layout-row kt-row-valign-top kb-theme-content-width\">\n<style>.kadence-column1584_b7b753-e0 > .kt-inside-inner-col,.kadence-column1584_b7b753-e0 > .kt-inside-inner-col:before{border-top-left-radius:0px;border-top-right-radius:0px;border-bottom-right-radius:0px;border-bottom-left-radius:0px;}.kadence-column1584_b7b753-e0 > .kt-inside-inner-col{column-gap:var(--global-kb-gap-sm, 1rem);}.kadence-column1584_b7b753-e0 > .kt-inside-inner-col{flex-direction:column;}.kadence-column1584_b7b753-e0 > .kt-inside-inner-col > .aligncenter{width:100%;}.kadence-column1584_b7b753-e0 > .kt-inside-inner-col:before{opacity:0.3;}.kadence-column1584_b7b753-e0{position:relative;}@media all and (max-width: 1024px){.kadence-column1584_b7b753-e0 > .kt-inside-inner-col{flex-direction:column;}}@media all and (max-width: 767px){.kadence-column1584_b7b753-e0 > .kt-inside-inner-col{flex-direction:column;}}<\/style>\n<div class=\"wp-block-kadence-column kadence-column1584_b7b753-e0\"><div class=\"kt-inside-inner-col\"><p><br><strong>DJANTA\u2019O<\/strong> est une entreprise 100 % locale, sp\u00e9cialis\u00e9e dans l\u2019<strong>agrobusiness<\/strong> et le <strong>commerce g\u00e9n\u00e9ral<\/strong>, avec plus de cinq ann\u00e9es d\u2019exp\u00e9rience au service du d\u00e9veloppement durable et de la valorisation des ressources naturelles. Notre c\u0153ur de m\u00e9tier : la <strong>transformation du fruit de baobab<\/strong>, un super-aliment aux multiples vertus nutritionnelles et m\u00e9dicinales. Gr\u00e2ce \u00e0 un savoir-faire ma\u00eetris\u00e9 et \u00e0 des proc\u00e9d\u00e9s respectueux de la qualit\u00e9 et de l\u2019environnement, nous produisons des d\u00e9riv\u00e9s naturels du baobab (poudre, jus, etc.) r\u00e9pondant aux normes sanitaires et nutritionnelles en vigueur.<br>Au-del\u00e0 de l\u2019agro-transformation, DJANTA\u2019O d\u00e9veloppe des activit\u00e9s dans le commerce g\u00e9n\u00e9ral, toujours avec la m\u00eame exigence de qualit\u00e9, d\u2019\u00e9thique et de proximit\u00e9 avec ses clients et partenaires.<\/p>\n\n<blockquote class=\"wp-block-quote is-layout-flow wp-block-quote-is-layout-flow\"><p>Notre mission est claire : <strong>cr\u00e9er de la valeur localement<\/strong>, <strong>soutenir les producteurs<\/strong>, <strong>promouvoir la consommation responsable<\/strong>, et faire rayonner les produits de notre terroir sur les march\u00e9s nationaux et internationaux.<\/p><\/blockquote>\n\n<blockquote class=\"wp-block-quote is-layout-flow wp-block-quote-is-layout-flow\"><p><strong>DJANTA\u2019O<\/strong>, c\u2019est l\u2019alliance entre tradition, innovation et impact positif.<\/p><\/blockquote><\/div><\/div>\n<\/div><\/div>","protected":false},"excerpt":{"rendered":"<p>Qui sommes-nous ? Mieux nous conna\u00eetre &#8230; DJANTA\u2019O est une entreprise 100 % locale, sp\u00e9cialis\u00e9e dans l\u2019agrobusiness et le commerce g\u00e9n\u00e9ral, avec plus de cinq ann\u00e9es d\u2019exp\u00e9rience au service du d\u00e9veloppement durable et de la valorisation des ressources naturelles. Notre c\u0153ur de m\u00e9tier : la transformation du fruit de baobab, un super-aliment aux multiples vertus&#8230;<\/p>\n","protected":false},"author":1,"featured_media":1298,"parent":0,"menu_order":0,"comment_status":"closed","ping_status":"closed","template":"","meta":{"_kadence_starter_templates_imported_post":true,"_kad_post_transparent":"","_kad_post_title":"hide","_kad_post_layout":"fullwidth","_kad_post_sidebar_id":"","_kad_post_content_style":"unboxed","_kad_post_vertical_padding":"hide","_kad_post_feature":"hide","_kad_post_feature_position":"","_kad_post_header":false,"_kad_post_footer":false,"footnotes":""},"class_list":["post-1584","page","type-page","status-publish","has-post-thumbnail","hentry"],"jetpack_sharing_enabled":true,"_links":{"self":[{"href":"https:\/\/djantao.com\/index.php?rest_route=\/wp\/v2\/pages\/1584","targetHints":{"allow":["GET"]}}],"collection":[{"href":"https:\/\/djantao.com\/index.php?rest_route=\/wp\/v2\/pages"}],"about":[{"href":"https:\/\/djantao.com\/index.php?rest_route=\/wp\/v2\/types\/page"}],"author":[{"embeddable":true,"href":"https:\/\/djantao.com\/index.php?rest_route=\/wp\/v2\/users\/1"}],"replies":[{"embeddable":true,"href":"https:\/\/djantao.com\/index.php?rest_route=%2Fwp%2Fv2%2Fcomments&post=1584"}],"version-history":[{"count":1,"href":"https:\/\/djantao.com\/index.php?rest_route=\/wp\/v2\/pages\/1584\/revisions"}],"predecessor-version":[{"id":1585,"href":"https:\/\/djantao.com\/index.php?rest_route=\/wp\/v2\/pages\/1584\/revisions\/1585"}],"wp:featuredmedia":[{"embeddable":true,"href":"https:\/\/djantao.com\/index.php?rest_route=\/wp\/v2\/media\/1298"}],"wp:attachment":[{"href":"https:\/\/djantao.com\/index.php?rest_route=%2Fwp%2Fv2%2Fmedia&parent=1584"}],"curies":[{"name":"wp","href":"https:\/\/api.w.org\/{rel}","templated":true}]}}